{"id":10,"date":"2022-08-08T10:40:56","date_gmt":"2022-08-08T10:40:56","guid":{"rendered":"https:\/\/kodupaneel.ee\/?page_id=10"},"modified":"2022-08-10T17:51:42","modified_gmt":"2022-08-10T17:51:42","slug":"esileht","status":"publish","type":"page","link":"https:\/\/kodupaneel.ee\/","title":{"rendered":"Esileht"},"content":{"rendered":"\n<p>Sip-paneel on toode mis koosneb OSB plaatidest ja EPS soojustuskihist. Sip-paneel on hea materjal hoone ehituseks kuna neid on lihtne paigaldada ja ehitise p\u00fcstitamiseks kuluv aeg on tunduvalt l\u00fchem. Seda sellep\u00e4rast, et paneelis on \u00fchendatud karkassi, soojustuse ja tuulet\u00f5kke kiht. Paneele kasutatakse v\u00e4lisseinte, siseseinte, p\u00f5randate ja ka katuslagede ehitamisel.<\/p>\n\n\n\n<p>SIP-paneelid koosnevad 12 mm OSB plaatidest mille vahele on liimitud vahtpol\u00fcst\u00fcroolplaat (EPS soojuskiht).<\/p>\n\n\n\n<p>SIP-paneelidest on v\u00f5imalik kiiresti ja s\u00e4\u00e4stlikult ehitada maju, suvilaid, garaa\u017ee ja renoveerida vanu hooneid.<\/p>\n\n\n\n<p>SIP-paneelide soojan\u00e4itajad on suurep\u00e4rased, kuna seina ristl\u00f5ige koosneb suures osas soojustusmaterjalist (245 mm) ja selle kiht on hoone perimeetri ulatuses praktiliselt katkematu.<\/p>\n\n\n\n<p>Paneeli soojusl\u00e4bivus U=0,11w\/ (m2 K)<\/p>\n\n\n\n<p>SIP-paneelide paigaldus on kiire ja lihtne. Kohe peale paigaldust v\u00f5ib alustada sise ja v\u00e4lis viimistlusega.<\/p>\n\n\n\n<p><\/p>\n\n\n\n<p><\/p>\n\n\n\n<figure class=\"wp-block-gallery has-nested-images columns-default is-cropped wp-block-gallery-1 is-layout-flex wp-block-gallery-is-layout-flex\">\n<figure class=\"wp-block-image size-large\"><img loading=\"lazy\" decoding=\"async\" width=\"1920\" height=\"2560\" data-id=\"85\" src=\"https:\/\/kodupaneel.ee\/wp-content\/uploads\/2022\/08\/20220809_151117-scaled.jpg\" alt=\"\" class=\"wp-image-85\" srcset=\"https:\/\/kodupaneel.ee\/wp-content\/uploads\/2022\/08\/20220809_151117-scaled.jpg 1920w, https:\/\/kodupaneel.ee\/wp-content\/uploads\/2022\/08\/20220809_151117-225x300.jpg 225w, https:\/\/kodupaneel.ee\/wp-content\/uploads\/2022\/08\/20220809_151117-768x1024.jpg 768w, https:\/\/kodupaneel.ee\/wp-content\/uploads\/2022\/08\/20220809_151117-1152x1536.jpg 1152w, https:\/\/kodupaneel.ee\/wp-content\/uploads\/2022\/08\/20220809_151117-1536x2048.jpg 1536w, https:\/\/kodupaneel.ee\/wp-content\/uploads\/2022\/08\/20220809_151117-1140x1520.jpg 1140w\" sizes=\"auto, (max-width: 1920px) 100vw, 1920px\" \/><\/figure>\n\n\n\n<figure class=\"wp-block-image size-large\"><img loading=\"lazy\" decoding=\"async\" width=\"1920\" height=\"2560\" data-id=\"79\" src=\"https:\/\/kodupaneel.ee\/wp-content\/uploads\/2022\/08\/20220809_150800-scaled.jpg\" alt=\"\" class=\"wp-image-79\" srcset=\"https:\/\/kodupaneel.ee\/wp-content\/uploads\/2022\/08\/20220809_150800-scaled.jpg 1920w, https:\/\/kodupaneel.ee\/wp-content\/uploads\/2022\/08\/20220809_150800-225x300.jpg 225w, https:\/\/kodupaneel.ee\/wp-content\/uploads\/2022\/08\/20220809_150800-768x1024.jpg 768w, https:\/\/kodupaneel.ee\/wp-content\/uploads\/2022\/08\/20220809_150800-1152x1536.jpg 1152w, https:\/\/kodupaneel.ee\/wp-content\/uploads\/2022\/08\/20220809_150800-1536x2048.jpg 1536w, https:\/\/kodupaneel.ee\/wp-content\/uploads\/2022\/08\/20220809_150800-1140x1520.jpg 1140w\" sizes=\"auto, (max-width: 1920px) 100vw, 1920px\" \/><\/figure>\n\n\n\n<figure class=\"wp-block-image size-large\"><img loading=\"lazy\" decoding=\"async\" width=\"2560\" height=\"1920\" data-id=\"83\" src=\"https:\/\/kodupaneel.ee\/wp-content\/uploads\/2022\/08\/20220809_152209-scaled.jpg\" alt=\"\" class=\"wp-image-83\" srcset=\"https:\/\/kodupaneel.ee\/wp-content\/uploads\/2022\/08\/20220809_152209-scaled.jpg 2560w, https:\/\/kodupaneel.ee\/wp-content\/uploads\/2022\/08\/20220809_152209-300x225.jpg 300w, https:\/\/kodupaneel.ee\/wp-content\/uploads\/2022\/08\/20220809_152209-1024x768.jpg 1024w, https:\/\/kodupaneel.ee\/wp-content\/uploads\/2022\/08\/20220809_152209-768x576.jpg 768w, https:\/\/kodupaneel.ee\/wp-content\/uploads\/2022\/08\/20220809_152209-1536x1152.jpg 1536w, https:\/\/kodupaneel.ee\/wp-content\/uploads\/2022\/08\/20220809_152209-2048x1536.jpg 2048w, https:\/\/kodupaneel.ee\/wp-content\/uploads\/2022\/08\/20220809_152209-1140x855.jpg 1140w\" sizes=\"auto, (max-width: 2560px) 100vw, 2560px\" \/><\/figure>\n\n\n\n<figure class=\"wp-block-image size-large\"><img loading=\"lazy\" decoding=\"async\" width=\"2560\" height=\"1920\" data-id=\"86\" src=\"https:\/\/kodupaneel.ee\/wp-content\/uploads\/2022\/08\/20220809_152910-scaled.jpg\" alt=\"\" class=\"wp-image-86\" srcset=\"https:\/\/kodupaneel.ee\/wp-content\/uploads\/2022\/08\/20220809_152910-scaled.jpg 2560w, https:\/\/kodupaneel.ee\/wp-content\/uploads\/2022\/08\/20220809_152910-300x225.jpg 300w, https:\/\/kodupaneel.ee\/wp-content\/uploads\/2022\/08\/20220809_152910-1024x768.jpg 1024w, https:\/\/kodupaneel.ee\/wp-content\/uploads\/2022\/08\/20220809_152910-768x576.jpg 768w, https:\/\/kodupaneel.ee\/wp-content\/uploads\/2022\/08\/20220809_152910-1536x1152.jpg 1536w, https:\/\/kodupaneel.ee\/wp-content\/uploads\/2022\/08\/20220809_152910-2048x1536.jpg 2048w, https:\/\/kodupaneel.ee\/wp-content\/uploads\/2022\/08\/20220809_152910-1140x855.jpg 1140w\" sizes=\"auto, (max-width: 2560px) 100vw, 2560px\" \/><\/figure>\n<\/figure>\n","protected":false},"excerpt":{"rendered":"<p>Sip-paneel on toode mis koosneb OSB plaatidest ja EPS soojustuskihist. Sip-paneel on hea materjal hoone ehituseks kuna neid on lihtne paigaldada ja ehitise p\u00fcstitamiseks kuluv aeg on tunduvalt l\u00fchem. Seda sellep\u00e4rast, et paneelis on \u00fchendatud karkassi, soojustuse ja tuulet\u00f5kke kiht. Paneele kasutatakse v\u00e4lisseinte, siseseinte, p\u00f5randate ja ka katuslagede ehitamisel. SIP-paneelid koosnevad 12 mm OSB plaatidest mille vahele on liimitud vahtpol\u00fcst\u00fcroolplaat (EPS soojuskiht). SIP-paneelidest on v\u00f5imalik kiiresti ja s\u00e4\u00e4stlikult ehitada maju, suvilaid, garaa\u017ee ja renoveerida vanu hooneid. SIP-paneelide soojan\u00e4itajad on suurep\u00e4rased, kuna seina ristl\u00f5ige koosneb suures osas soojustusmaterjalist (245 mm) ja selle kiht on hoone perimeetri ulatuses praktiliselt katkematu. Paneeli soojusl\u00e4bivus U=0,11w\/ (m2 K) SIP-paneelide paigaldus on kiire ja lihtne. Kohe peale paigaldust v\u00f5ib alustada sise ja v\u00e4lis viimistlusega.<\/p>\n","protected":false},"author":1,"featured_media":0,"parent":0,"menu_order":0,"comment_status":"closed","ping_status":"closed","template":"","meta":{"footnotes":""},"class_list":["post-10","page","type-page","status-publish","hentry"],"yoast_head":"<!-- This site is optimized with the Yoast SEO plugin v27.3 - https:\/\/yoast.com\/product\/yoast-seo-wordpress\/ -->\n<title>Esileht - Kodupaneel.ee<\/title>\n<meta name=\"robots\" content=\"index, follow, max-snippet:-1, max-image-preview:large, max-video-preview:-1\" \/>\n<link rel=\"canonical\" href=\"https:\/\/kodupaneel.ee\/\" \/>\n<meta property=\"og:locale\" content=\"et_EE\" \/>\n<meta property=\"og:type\" content=\"article\" \/>\n<meta property=\"og:title\" content=\"Esileht - Kodupaneel.ee\" \/>\n<meta property=\"og:description\" content=\"Sip-paneel on toode mis koosneb OSB plaatidest ja EPS soojustuskihist. Sip-paneel on hea materjal hoone ehituseks kuna neid on lihtne paigaldada ja ehitise p\u00fcstitamiseks kuluv aeg on tunduvalt l\u00fchem. Seda sellep\u00e4rast, et paneelis on \u00fchendatud karkassi, soojustuse ja tuulet\u00f5kke kiht. Paneele kasutatakse v\u00e4lisseinte, siseseinte, p\u00f5randate ja ka katuslagede ehitamisel. SIP-paneelid koosnevad 12 mm OSB plaatidest mille vahele on liimitud vahtpol\u00fcst\u00fcroolplaat (EPS soojuskiht). SIP-paneelidest on v\u00f5imalik kiiresti ja s\u00e4\u00e4stlikult ehitada maju, suvilaid, garaa\u017ee ja renoveerida vanu hooneid. SIP-paneelide soojan\u00e4itajad on suurep\u00e4rased, kuna seina ristl\u00f5ige koosneb suures osas soojustusmaterjalist (245 mm) ja selle kiht on hoone perimeetri ulatuses praktiliselt katkematu. Paneeli soojusl\u00e4bivus U=0,11w\/ (m2 K) SIP-paneelide paigaldus on kiire ja lihtne. Kohe peale paigaldust v\u00f5ib alustada sise ja v\u00e4lis viimistlusega.\" \/>\n<meta property=\"og:url\" content=\"https:\/\/kodupaneel.ee\/\" \/>\n<meta property=\"og:site_name\" content=\"Kodupaneel.ee\" \/>\n<meta property=\"article:modified_time\" content=\"2022-08-10T17:51:42+00:00\" \/>\n<meta property=\"og:image\" content=\"https:\/\/kodupaneel.ee\/wp-content\/uploads\/2022\/08\/20220809_151117-scaled.jpg\" \/>\n<meta name=\"twitter:card\" content=\"summary_large_image\" \/>\n<meta name=\"twitter:label1\" content=\"Est. reading time\" \/>\n\t<meta name=\"twitter:data1\" content=\"1 minut\" \/>\n<script type=\"application\/ld+json\" class=\"yoast-schema-graph\">{\"@context\":\"https:\\\/\\\/schema.org\",\"@graph\":[{\"@type\":\"WebPage\",\"@id\":\"https:\\\/\\\/kodupaneel.ee\\\/\",\"url\":\"https:\\\/\\\/kodupaneel.ee\\\/\",\"name\":\"Esileht - Kodupaneel.ee\",\"isPartOf\":{\"@id\":\"https:\\\/\\\/kodupaneel.ee\\\/#website\"},\"primaryImageOfPage\":{\"@id\":\"https:\\\/\\\/kodupaneel.ee\\\/#primaryimage\"},\"image\":{\"@id\":\"https:\\\/\\\/kodupaneel.ee\\\/#primaryimage\"},\"thumbnailUrl\":\"https:\\\/\\\/kodupaneel.ee\\\/wp-content\\\/uploads\\\/2022\\\/08\\\/20220809_151117-scaled.jpg\",\"datePublished\":\"2022-08-08T10:40:56+00:00\",\"dateModified\":\"2022-08-10T17:51:42+00:00\",\"breadcrumb\":{\"@id\":\"https:\\\/\\\/kodupaneel.ee\\\/#breadcrumb\"},\"inLanguage\":\"et\",\"potentialAction\":[{\"@type\":\"ReadAction\",\"target\":[\"https:\\\/\\\/kodupaneel.ee\\\/\"]}]},{\"@type\":\"ImageObject\",\"inLanguage\":\"et\",\"@id\":\"https:\\\/\\\/kodupaneel.ee\\\/#primaryimage\",\"url\":\"https:\\\/\\\/kodupaneel.ee\\\/wp-content\\\/uploads\\\/2022\\\/08\\\/20220809_151117-scaled.jpg\",\"contentUrl\":\"https:\\\/\\\/kodupaneel.ee\\\/wp-content\\\/uploads\\\/2022\\\/08\\\/20220809_151117-scaled.jpg\",\"width\":1920,\"height\":2560},{\"@type\":\"BreadcrumbList\",\"@id\":\"https:\\\/\\\/kodupaneel.ee\\\/#breadcrumb\",\"itemListElement\":[{\"@type\":\"ListItem\",\"position\":1,\"name\":\"Home\",\"item\":\"https:\\\/\\\/kodupaneel.ee\\\/\"},{\"@type\":\"ListItem\",\"position\":2,\"name\":\"Esileht\"}]},{\"@type\":\"WebSite\",\"@id\":\"https:\\\/\\\/kodupaneel.ee\\\/#website\",\"url\":\"https:\\\/\\\/kodupaneel.ee\\\/\",\"name\":\"Kodupaneel.ee\",\"description\":\"SIP paneelide tootja\",\"potentialAction\":[{\"@type\":\"SearchAction\",\"target\":{\"@type\":\"EntryPoint\",\"urlTemplate\":\"https:\\\/\\\/kodupaneel.ee\\\/?s={search_term_string}\"},\"query-input\":{\"@type\":\"PropertyValueSpecification\",\"valueRequired\":true,\"valueName\":\"search_term_string\"}}],\"inLanguage\":\"et\"}]}<\/script>\n<!-- \/ Yoast SEO plugin. -->","yoast_head_json":{"title":"Esileht - Kodupaneel.ee","robots":{"index":"index","follow":"follow","max-snippet":"max-snippet:-1","max-image-preview":"max-image-preview:large","max-video-preview":"max-video-preview:-1"},"canonical":"https:\/\/kodupaneel.ee\/","og_locale":"et_EE","og_type":"article","og_title":"Esileht - Kodupaneel.ee","og_description":"Sip-paneel on toode mis koosneb OSB plaatidest ja EPS soojustuskihist. Sip-paneel on hea materjal hoone ehituseks kuna neid on lihtne paigaldada ja ehitise p\u00fcstitamiseks kuluv aeg on tunduvalt l\u00fchem. Seda sellep\u00e4rast, et paneelis on \u00fchendatud karkassi, soojustuse ja tuulet\u00f5kke kiht. Paneele kasutatakse v\u00e4lisseinte, siseseinte, p\u00f5randate ja ka katuslagede ehitamisel. SIP-paneelid koosnevad 12 mm OSB plaatidest mille vahele on liimitud vahtpol\u00fcst\u00fcroolplaat (EPS soojuskiht). SIP-paneelidest on v\u00f5imalik kiiresti ja s\u00e4\u00e4stlikult ehitada maju, suvilaid, garaa\u017ee ja renoveerida vanu hooneid. SIP-paneelide soojan\u00e4itajad on suurep\u00e4rased, kuna seina ristl\u00f5ige koosneb suures osas soojustusmaterjalist (245 mm) ja selle kiht on hoone perimeetri ulatuses praktiliselt katkematu. Paneeli soojusl\u00e4bivus U=0,11w\/ (m2 K) SIP-paneelide paigaldus on kiire ja lihtne. Kohe peale paigaldust v\u00f5ib alustada sise ja v\u00e4lis viimistlusega.","og_url":"https:\/\/kodupaneel.ee\/","og_site_name":"Kodupaneel.ee","article_modified_time":"2022-08-10T17:51:42+00:00","og_image":[{"url":"https:\/\/kodupaneel.ee\/wp-content\/uploads\/2022\/08\/20220809_151117-scaled.jpg","type":"","width":"","height":""}],"twitter_card":"summary_large_image","twitter_misc":{"Est. reading time":"1 minut"},"schema":{"@context":"https:\/\/schema.org","@graph":[{"@type":"WebPage","@id":"https:\/\/kodupaneel.ee\/","url":"https:\/\/kodupaneel.ee\/","name":"Esileht - Kodupaneel.ee","isPartOf":{"@id":"https:\/\/kodupaneel.ee\/#website"},"primaryImageOfPage":{"@id":"https:\/\/kodupaneel.ee\/#primaryimage"},"image":{"@id":"https:\/\/kodupaneel.ee\/#primaryimage"},"thumbnailUrl":"https:\/\/kodupaneel.ee\/wp-content\/uploads\/2022\/08\/20220809_151117-scaled.jpg","datePublished":"2022-08-08T10:40:56+00:00","dateModified":"2022-08-10T17:51:42+00:00","breadcrumb":{"@id":"https:\/\/kodupaneel.ee\/#breadcrumb"},"inLanguage":"et","potentialAction":[{"@type":"ReadAction","target":["https:\/\/kodupaneel.ee\/"]}]},{"@type":"ImageObject","inLanguage":"et","@id":"https:\/\/kodupaneel.ee\/#primaryimage","url":"https:\/\/kodupaneel.ee\/wp-content\/uploads\/2022\/08\/20220809_151117-scaled.jpg","contentUrl":"https:\/\/kodupaneel.ee\/wp-content\/uploads\/2022\/08\/20220809_151117-scaled.jpg","width":1920,"height":2560},{"@type":"BreadcrumbList","@id":"https:\/\/kodupaneel.ee\/#breadcrumb","itemListElement":[{"@type":"ListItem","position":1,"name":"Home","item":"https:\/\/kodupaneel.ee\/"},{"@type":"ListItem","position":2,"name":"Esileht"}]},{"@type":"WebSite","@id":"https:\/\/kodupaneel.ee\/#website","url":"https:\/\/kodupaneel.ee\/","name":"Kodupaneel.ee","description":"SIP paneelide tootja","potentialAction":[{"@type":"SearchAction","target":{"@type":"EntryPoint","urlTemplate":"https:\/\/kodupaneel.ee\/?s={search_term_string}"},"query-input":{"@type":"PropertyValueSpecification","valueRequired":true,"valueName":"search_term_string"}}],"inLanguage":"et"}]}},"_links":{"self":[{"href":"https:\/\/kodupaneel.ee\/index.php?rest_route=\/wp\/v2\/pages\/10","targetHints":{"allow":["GET"]}}],"collection":[{"href":"https:\/\/kodupaneel.ee\/index.php?rest_route=\/wp\/v2\/pages"}],"about":[{"href":"https:\/\/kodupaneel.ee\/index.php?rest_route=\/wp\/v2\/types\/page"}],"author":[{"embeddable":true,"href":"https:\/\/kodupaneel.ee\/index.php?rest_route=\/wp\/v2\/users\/1"}],"replies":[{"embeddable":true,"href":"https:\/\/kodupaneel.ee\/index.php?rest_route=%2Fwp%2Fv2%2Fcomments&post=10"}],"version-history":[{"count":10,"href":"https:\/\/kodupaneel.ee\/index.php?rest_route=\/wp\/v2\/pages\/10\/revisions"}],"predecessor-version":[{"id":95,"href":"https:\/\/kodupaneel.ee\/index.php?rest_route=\/wp\/v2\/pages\/10\/revisions\/95"}],"wp:attachment":[{"href":"https:\/\/kodupaneel.ee\/index.php?rest_route=%2Fwp%2Fv2%2Fmedia&parent=10"}],"curies":[{"name":"wp","href":"https:\/\/api.w.org\/{rel}","templated":true}]}}