{"id":54,"date":"2022-08-08T12:15:38","date_gmt":"2022-08-08T12:15:38","guid":{"rendered":"https:\/\/kodupaneel.ee\/?page_id=54"},"modified":"2022-08-10T17:42:46","modified_gmt":"2022-08-10T17:42:46","slug":"tooted","status":"publish","type":"page","link":"https:\/\/kodupaneel.ee\/?page_id=54","title":{"rendered":"Tooted"},"content":{"rendered":"\n<p>Paneeli m\u00f5\u00f5dud <\/p>\n\n\n\n<p>2800x1250x270&nbsp;&nbsp;hetkel laos olemas<\/p>\n\n\n\n<p>2500x1250x120&nbsp;&nbsp; hetkel laos olemas<\/p>\n\n\n\n<figure class=\"wp-block-image size-full\"><img loading=\"lazy\" decoding=\"async\" width=\"528\" height=\"269\" src=\"https:\/\/kodupaneel.ee\/wp-content\/uploads\/2022\/08\/275957879_4915415738556073_5285647536124846141_n-2.jpg\" alt=\"\" class=\"wp-image-57\" srcset=\"https:\/\/kodupaneel.ee\/wp-content\/uploads\/2022\/08\/275957879_4915415738556073_5285647536124846141_n-2.jpg 528w, https:\/\/kodupaneel.ee\/wp-content\/uploads\/2022\/08\/275957879_4915415738556073_5285647536124846141_n-2-300x153.jpg 300w\" sizes=\"auto, (max-width: 528px) 100vw, 528px\" \/><\/figure>\n\n\n\n<p><\/p>\n\n\n\n<p><\/p>\n\n\n\n<p>Paneelid l\u00f5igatakse tehases m\u00f5\u00f5tu olenevalt projektist.<\/p>\n\n\n\n<p>Paneel paksus ei ole piiratud.<\/p>\n\n\n\n<p>Paneelid \u00fchendatakse mini SIP-paneelidega.<\/p>\n\n\n\n<p>Valmistame ka&nbsp; I -profiile<\/p>\n\n\n\n<figure class=\"wp-block-gallery has-nested-images columns-default is-cropped wp-block-gallery-1 is-layout-flex wp-block-gallery-is-layout-flex\">\n<figure class=\"wp-block-image size-large\"><img loading=\"lazy\" decoding=\"async\" width=\"1024\" height=\"768\" data-id=\"76\" src=\"https:\/\/kodupaneel.ee\/wp-content\/uploads\/2022\/08\/20220809_150457-1024x768.jpg\" alt=\"\" class=\"wp-image-76\" srcset=\"https:\/\/kodupaneel.ee\/wp-content\/uploads\/2022\/08\/20220809_150457-1024x768.jpg 1024w, https:\/\/kodupaneel.ee\/wp-content\/uploads\/2022\/08\/20220809_150457-300x225.jpg 300w, https:\/\/kodupaneel.ee\/wp-content\/uploads\/2022\/08\/20220809_150457-768x576.jpg 768w, https:\/\/kodupaneel.ee\/wp-content\/uploads\/2022\/08\/20220809_150457-1536x1152.jpg 1536w, https:\/\/kodupaneel.ee\/wp-content\/uploads\/2022\/08\/20220809_150457-2048x1536.jpg 2048w, https:\/\/kodupaneel.ee\/wp-content\/uploads\/2022\/08\/20220809_150457-1140x855.jpg 1140w\" sizes=\"auto, (max-width: 1024px) 100vw, 1024px\" \/><\/figure>\n\n\n\n<figure class=\"wp-block-image size-large\"><img loading=\"lazy\" decoding=\"async\" width=\"1024\" height=\"768\" data-id=\"74\" src=\"https:\/\/kodupaneel.ee\/wp-content\/uploads\/2022\/08\/20220809_150550-1024x768.jpg\" alt=\"\" class=\"wp-image-74\" srcset=\"https:\/\/kodupaneel.ee\/wp-content\/uploads\/2022\/08\/20220809_150550-1024x768.jpg 1024w, https:\/\/kodupaneel.ee\/wp-content\/uploads\/2022\/08\/20220809_150550-300x225.jpg 300w, https:\/\/kodupaneel.ee\/wp-content\/uploads\/2022\/08\/20220809_150550-768x576.jpg 768w, https:\/\/kodupaneel.ee\/wp-content\/uploads\/2022\/08\/20220809_150550-1536x1152.jpg 1536w, https:\/\/kodupaneel.ee\/wp-content\/uploads\/2022\/08\/20220809_150550-2048x1536.jpg 2048w, https:\/\/kodupaneel.ee\/wp-content\/uploads\/2022\/08\/20220809_150550-1140x855.jpg 1140w\" sizes=\"auto, (max-width: 1024px) 100vw, 1024px\" \/><\/figure>\n\n\n\n<figure class=\"wp-block-image size-large\"><img loading=\"lazy\" decoding=\"async\" width=\"1024\" height=\"768\" data-id=\"75\" src=\"https:\/\/kodupaneel.ee\/wp-content\/uploads\/2022\/08\/20220809_150604-1024x768.jpg\" alt=\"\" class=\"wp-image-75\" srcset=\"https:\/\/kodupaneel.ee\/wp-content\/uploads\/2022\/08\/20220809_150604-1024x768.jpg 1024w, https:\/\/kodupaneel.ee\/wp-content\/uploads\/2022\/08\/20220809_150604-300x225.jpg 300w, https:\/\/kodupaneel.ee\/wp-content\/uploads\/2022\/08\/20220809_150604-768x576.jpg 768w, https:\/\/kodupaneel.ee\/wp-content\/uploads\/2022\/08\/20220809_150604-1536x1152.jpg 1536w, https:\/\/kodupaneel.ee\/wp-content\/uploads\/2022\/08\/20220809_150604-2048x1536.jpg 2048w, https:\/\/kodupaneel.ee\/wp-content\/uploads\/2022\/08\/20220809_150604-1140x855.jpg 1140w\" sizes=\"auto, (max-width: 1024px) 100vw, 1024px\" \/><\/figure>\n\n\n\n<figure class=\"wp-block-image size-large\"><img loading=\"lazy\" decoding=\"async\" width=\"768\" height=\"1024\" data-id=\"80\" src=\"https:\/\/kodupaneel.ee\/wp-content\/uploads\/2022\/08\/20220809_150708-768x1024.jpg\" alt=\"\" class=\"wp-image-80\" srcset=\"https:\/\/kodupaneel.ee\/wp-content\/uploads\/2022\/08\/20220809_150708-768x1024.jpg 768w, https:\/\/kodupaneel.ee\/wp-content\/uploads\/2022\/08\/20220809_150708-225x300.jpg 225w, https:\/\/kodupaneel.ee\/wp-content\/uploads\/2022\/08\/20220809_150708-1152x1536.jpg 1152w, https:\/\/kodupaneel.ee\/wp-content\/uploads\/2022\/08\/20220809_150708-1536x2048.jpg 1536w, https:\/\/kodupaneel.ee\/wp-content\/uploads\/2022\/08\/20220809_150708-1140x1520.jpg 1140w, https:\/\/kodupaneel.ee\/wp-content\/uploads\/2022\/08\/20220809_150708-scaled.jpg 1920w\" sizes=\"auto, (max-width: 768px) 100vw, 768px\" \/><\/figure>\n\n\n\n<figure class=\"wp-block-image size-large\"><img loading=\"lazy\" decoding=\"async\" width=\"768\" height=\"1024\" data-id=\"79\" src=\"https:\/\/kodupaneel.ee\/wp-content\/uploads\/2022\/08\/20220809_150800-768x1024.jpg\" alt=\"\" class=\"wp-image-79\" srcset=\"https:\/\/kodupaneel.ee\/wp-content\/uploads\/2022\/08\/20220809_150800-768x1024.jpg 768w, https:\/\/kodupaneel.ee\/wp-content\/uploads\/2022\/08\/20220809_150800-225x300.jpg 225w, https:\/\/kodupaneel.ee\/wp-content\/uploads\/2022\/08\/20220809_150800-1152x1536.jpg 1152w, https:\/\/kodupaneel.ee\/wp-content\/uploads\/2022\/08\/20220809_150800-1536x2048.jpg 1536w, https:\/\/kodupaneel.ee\/wp-content\/uploads\/2022\/08\/20220809_150800-1140x1520.jpg 1140w, https:\/\/kodupaneel.ee\/wp-content\/uploads\/2022\/08\/20220809_150800-scaled.jpg 1920w\" sizes=\"auto, (max-width: 768px) 100vw, 768px\" \/><\/figure>\n\n\n\n<figure class=\"wp-block-image size-large\"><img loading=\"lazy\" decoding=\"async\" width=\"768\" height=\"1024\" data-id=\"85\" src=\"https:\/\/kodupaneel.ee\/wp-content\/uploads\/2022\/08\/20220809_151117-768x1024.jpg\" alt=\"\" class=\"wp-image-85\" srcset=\"https:\/\/kodupaneel.ee\/wp-content\/uploads\/2022\/08\/20220809_151117-768x1024.jpg 768w, https:\/\/kodupaneel.ee\/wp-content\/uploads\/2022\/08\/20220809_151117-225x300.jpg 225w, https:\/\/kodupaneel.ee\/wp-content\/uploads\/2022\/08\/20220809_151117-1152x1536.jpg 1152w, https:\/\/kodupaneel.ee\/wp-content\/uploads\/2022\/08\/20220809_151117-1536x2048.jpg 1536w, https:\/\/kodupaneel.ee\/wp-content\/uploads\/2022\/08\/20220809_151117-1140x1520.jpg 1140w, https:\/\/kodupaneel.ee\/wp-content\/uploads\/2022\/08\/20220809_151117-scaled.jpg 1920w\" sizes=\"auto, (max-width: 768px) 100vw, 768px\" \/><\/figure>\n\n\n\n<figure class=\"wp-block-image size-large\"><img loading=\"lazy\" decoding=\"async\" width=\"1024\" height=\"768\" data-id=\"87\" src=\"https:\/\/kodupaneel.ee\/wp-content\/uploads\/2022\/08\/20220809_151325-1024x768.jpg\" alt=\"\" class=\"wp-image-87\" srcset=\"https:\/\/kodupaneel.ee\/wp-content\/uploads\/2022\/08\/20220809_151325-1024x768.jpg 1024w, https:\/\/kodupaneel.ee\/wp-content\/uploads\/2022\/08\/20220809_151325-300x225.jpg 300w, https:\/\/kodupaneel.ee\/wp-content\/uploads\/2022\/08\/20220809_151325-768x576.jpg 768w, https:\/\/kodupaneel.ee\/wp-content\/uploads\/2022\/08\/20220809_151325-1536x1152.jpg 1536w, https:\/\/kodupaneel.ee\/wp-content\/uploads\/2022\/08\/20220809_151325-2048x1536.jpg 2048w, https:\/\/kodupaneel.ee\/wp-content\/uploads\/2022\/08\/20220809_151325-1140x855.jpg 1140w\" sizes=\"auto, (max-width: 1024px) 100vw, 1024px\" \/><\/figure>\n\n\n\n<figure class=\"wp-block-image size-large\"><img loading=\"lazy\" decoding=\"async\" width=\"1024\" height=\"768\" data-id=\"82\" src=\"https:\/\/kodupaneel.ee\/wp-content\/uploads\/2022\/08\/20220809_151839-1024x768.jpg\" alt=\"\" class=\"wp-image-82\" srcset=\"https:\/\/kodupaneel.ee\/wp-content\/uploads\/2022\/08\/20220809_151839-1024x768.jpg 1024w, https:\/\/kodupaneel.ee\/wp-content\/uploads\/2022\/08\/20220809_151839-300x225.jpg 300w, https:\/\/kodupaneel.ee\/wp-content\/uploads\/2022\/08\/20220809_151839-768x576.jpg 768w, https:\/\/kodupaneel.ee\/wp-content\/uploads\/2022\/08\/20220809_151839-1536x1152.jpg 1536w, https:\/\/kodupaneel.ee\/wp-content\/uploads\/2022\/08\/20220809_151839-2048x1536.jpg 2048w, https:\/\/kodupaneel.ee\/wp-content\/uploads\/2022\/08\/20220809_151839-1140x855.jpg 1140w\" sizes=\"auto, (max-width: 1024px) 100vw, 1024px\" \/><\/figure>\n\n\n\n<figure class=\"wp-block-image size-large\"><img loading=\"lazy\" decoding=\"async\" width=\"1024\" height=\"768\" data-id=\"78\" src=\"https:\/\/kodupaneel.ee\/wp-content\/uploads\/2022\/08\/20220809_152008-1024x768.jpg\" alt=\"\" class=\"wp-image-78\" srcset=\"https:\/\/kodupaneel.ee\/wp-content\/uploads\/2022\/08\/20220809_152008-1024x768.jpg 1024w, https:\/\/kodupaneel.ee\/wp-content\/uploads\/2022\/08\/20220809_152008-300x225.jpg 300w, https:\/\/kodupaneel.ee\/wp-content\/uploads\/2022\/08\/20220809_152008-768x576.jpg 768w, https:\/\/kodupaneel.ee\/wp-content\/uploads\/2022\/08\/20220809_152008-1536x1152.jpg 1536w, https:\/\/kodupaneel.ee\/wp-content\/uploads\/2022\/08\/20220809_152008-2048x1536.jpg 2048w, https:\/\/kodupaneel.ee\/wp-content\/uploads\/2022\/08\/20220809_152008-1140x855.jpg 1140w\" sizes=\"auto, (max-width: 1024px) 100vw, 1024px\" \/><\/figure>\n\n\n\n<figure class=\"wp-block-image size-large\"><img loading=\"lazy\" decoding=\"async\" width=\"1024\" height=\"768\" data-id=\"83\" src=\"https:\/\/kodupaneel.ee\/wp-content\/uploads\/2022\/08\/20220809_152209-1024x768.jpg\" alt=\"\" class=\"wp-image-83\" srcset=\"https:\/\/kodupaneel.ee\/wp-content\/uploads\/2022\/08\/20220809_152209-1024x768.jpg 1024w, https:\/\/kodupaneel.ee\/wp-content\/uploads\/2022\/08\/20220809_152209-300x225.jpg 300w, https:\/\/kodupaneel.ee\/wp-content\/uploads\/2022\/08\/20220809_152209-768x576.jpg 768w, https:\/\/kodupaneel.ee\/wp-content\/uploads\/2022\/08\/20220809_152209-1536x1152.jpg 1536w, https:\/\/kodupaneel.ee\/wp-content\/uploads\/2022\/08\/20220809_152209-2048x1536.jpg 2048w, https:\/\/kodupaneel.ee\/wp-content\/uploads\/2022\/08\/20220809_152209-1140x855.jpg 1140w\" sizes=\"auto, (max-width: 1024px) 100vw, 1024px\" \/><\/figure>\n\n\n\n<figure class=\"wp-block-image size-large\"><img loading=\"lazy\" decoding=\"async\" width=\"1024\" height=\"768\" data-id=\"88\" src=\"https:\/\/kodupaneel.ee\/wp-content\/uploads\/2022\/08\/20220809_152654-1024x768.jpg\" alt=\"\" class=\"wp-image-88\" srcset=\"https:\/\/kodupaneel.ee\/wp-content\/uploads\/2022\/08\/20220809_152654-1024x768.jpg 1024w, https:\/\/kodupaneel.ee\/wp-content\/uploads\/2022\/08\/20220809_152654-300x225.jpg 300w, https:\/\/kodupaneel.ee\/wp-content\/uploads\/2022\/08\/20220809_152654-768x576.jpg 768w, https:\/\/kodupaneel.ee\/wp-content\/uploads\/2022\/08\/20220809_152654-1536x1152.jpg 1536w, https:\/\/kodupaneel.ee\/wp-content\/uploads\/2022\/08\/20220809_152654-2048x1536.jpg 2048w, https:\/\/kodupaneel.ee\/wp-content\/uploads\/2022\/08\/20220809_152654-1140x855.jpg 1140w\" sizes=\"auto, (max-width: 1024px) 100vw, 1024px\" \/><\/figure>\n\n\n\n<figure class=\"wp-block-image size-large\"><img loading=\"lazy\" decoding=\"async\" width=\"1024\" height=\"768\" data-id=\"81\" src=\"https:\/\/kodupaneel.ee\/wp-content\/uploads\/2022\/08\/20220809_152757-1024x768.jpg\" alt=\"\" class=\"wp-image-81\" srcset=\"https:\/\/kodupaneel.ee\/wp-content\/uploads\/2022\/08\/20220809_152757-1024x768.jpg 1024w, https:\/\/kodupaneel.ee\/wp-content\/uploads\/2022\/08\/20220809_152757-300x225.jpg 300w, https:\/\/kodupaneel.ee\/wp-content\/uploads\/2022\/08\/20220809_152757-768x576.jpg 768w, https:\/\/kodupaneel.ee\/wp-content\/uploads\/2022\/08\/20220809_152757-1536x1152.jpg 1536w, https:\/\/kodupaneel.ee\/wp-content\/uploads\/2022\/08\/20220809_152757-2048x1536.jpg 2048w, https:\/\/kodupaneel.ee\/wp-content\/uploads\/2022\/08\/20220809_152757-1140x855.jpg 1140w\" sizes=\"auto, (max-width: 1024px) 100vw, 1024px\" \/><\/figure>\n\n\n\n<figure class=\"wp-block-image size-large\"><img loading=\"lazy\" decoding=\"async\" width=\"1024\" height=\"768\" data-id=\"86\" src=\"https:\/\/kodupaneel.ee\/wp-content\/uploads\/2022\/08\/20220809_152910-1024x768.jpg\" alt=\"\" class=\"wp-image-86\" srcset=\"https:\/\/kodupaneel.ee\/wp-content\/uploads\/2022\/08\/20220809_152910-1024x768.jpg 1024w, https:\/\/kodupaneel.ee\/wp-content\/uploads\/2022\/08\/20220809_152910-300x225.jpg 300w, https:\/\/kodupaneel.ee\/wp-content\/uploads\/2022\/08\/20220809_152910-768x576.jpg 768w, https:\/\/kodupaneel.ee\/wp-content\/uploads\/2022\/08\/20220809_152910-1536x1152.jpg 1536w, https:\/\/kodupaneel.ee\/wp-content\/uploads\/2022\/08\/20220809_152910-2048x1536.jpg 2048w, https:\/\/kodupaneel.ee\/wp-content\/uploads\/2022\/08\/20220809_152910-1140x855.jpg 1140w\" sizes=\"auto, (max-width: 1024px) 100vw, 1024px\" \/><\/figure>\n\n\n\n<figure class=\"wp-block-image size-large\"><img loading=\"lazy\" decoding=\"async\" width=\"1024\" height=\"768\" data-id=\"84\" src=\"https:\/\/kodupaneel.ee\/wp-content\/uploads\/2022\/08\/20220809_153032-1024x768.jpg\" alt=\"\" class=\"wp-image-84\" srcset=\"https:\/\/kodupaneel.ee\/wp-content\/uploads\/2022\/08\/20220809_153032-1024x768.jpg 1024w, https:\/\/kodupaneel.ee\/wp-content\/uploads\/2022\/08\/20220809_153032-300x225.jpg 300w, https:\/\/kodupaneel.ee\/wp-content\/uploads\/2022\/08\/20220809_153032-768x576.jpg 768w, https:\/\/kodupaneel.ee\/wp-content\/uploads\/2022\/08\/20220809_153032-1536x1152.jpg 1536w, https:\/\/kodupaneel.ee\/wp-content\/uploads\/2022\/08\/20220809_153032-2048x1536.jpg 2048w, https:\/\/kodupaneel.ee\/wp-content\/uploads\/2022\/08\/20220809_153032-1140x855.jpg 1140w\" sizes=\"auto, (max-width: 1024px) 100vw, 1024px\" \/><\/figure>\n<\/figure>\n","protected":false},"excerpt":{"rendered":"<p>Paneeli m\u00f5\u00f5dud 2800x1250x270&nbsp;&nbsp;hetkel laos olemas 2500x1250x120&nbsp;&nbsp; hetkel laos olemas Paneelid l\u00f5igatakse tehases m\u00f5\u00f5tu olenevalt projektist. Paneel paksus ei ole piiratud. Paneelid \u00fchendatakse mini SIP-paneelidega. Valmistame ka&nbsp; I -profiile<\/p>\n","protected":false},"author":1,"featured_media":0,"parent":0,"menu_order":0,"comment_status":"closed","ping_status":"closed","template":"","meta":{"footnotes":""},"class_list":["post-54","page","type-page","status-publish","hentry"],"yoast_head":"<!-- This site is optimized with the Yoast SEO plugin v27.3 - https:\/\/yoast.com\/product\/yoast-seo-wordpress\/ -->\n<title>Tooted - Kodupaneel.ee<\/title>\n<meta name=\"robots\" content=\"index, follow, max-snippet:-1, max-image-preview:large, max-video-preview:-1\" \/>\n<link rel=\"canonical\" href=\"https:\/\/kodupaneel.ee\/?page_id=54\" \/>\n<meta property=\"og:locale\" content=\"et_EE\" \/>\n<meta property=\"og:type\" content=\"article\" \/>\n<meta property=\"og:title\" content=\"Tooted - Kodupaneel.ee\" \/>\n<meta property=\"og:description\" content=\"Paneeli m\u00f5\u00f5dud 2800x1250x270&nbsp;&nbsp;hetkel laos olemas 2500x1250x120&nbsp;&nbsp; hetkel laos olemas Paneelid l\u00f5igatakse tehases m\u00f5\u00f5tu olenevalt projektist. Paneel paksus ei ole piiratud. Paneelid \u00fchendatakse mini SIP-paneelidega. Valmistame ka&nbsp; I -profiile\" \/>\n<meta property=\"og:url\" content=\"https:\/\/kodupaneel.ee\/?page_id=54\" \/>\n<meta property=\"og:site_name\" content=\"Kodupaneel.ee\" \/>\n<meta property=\"article:modified_time\" content=\"2022-08-10T17:42:46+00:00\" \/>\n<meta property=\"og:image\" content=\"https:\/\/kodupaneel.ee\/wp-content\/uploads\/2022\/08\/275957879_4915415738556073_5285647536124846141_n-2.jpg\" \/>\n<meta name=\"twitter:card\" content=\"summary_large_image\" \/>\n<script type=\"application\/ld+json\" class=\"yoast-schema-graph\">{\"@context\":\"https:\\\/\\\/schema.org\",\"@graph\":[{\"@type\":\"WebPage\",\"@id\":\"https:\\\/\\\/kodupaneel.ee\\\/?page_id=54\",\"url\":\"https:\\\/\\\/kodupaneel.ee\\\/?page_id=54\",\"name\":\"Tooted - Kodupaneel.ee\",\"isPartOf\":{\"@id\":\"https:\\\/\\\/kodupaneel.ee\\\/#website\"},\"primaryImageOfPage\":{\"@id\":\"https:\\\/\\\/kodupaneel.ee\\\/?page_id=54#primaryimage\"},\"image\":{\"@id\":\"https:\\\/\\\/kodupaneel.ee\\\/?page_id=54#primaryimage\"},\"thumbnailUrl\":\"https:\\\/\\\/kodupaneel.ee\\\/wp-content\\\/uploads\\\/2022\\\/08\\\/275957879_4915415738556073_5285647536124846141_n-2.jpg\",\"datePublished\":\"2022-08-08T12:15:38+00:00\",\"dateModified\":\"2022-08-10T17:42:46+00:00\",\"breadcrumb\":{\"@id\":\"https:\\\/\\\/kodupaneel.ee\\\/?page_id=54#breadcrumb\"},\"inLanguage\":\"et\",\"potentialAction\":[{\"@type\":\"ReadAction\",\"target\":[\"https:\\\/\\\/kodupaneel.ee\\\/?page_id=54\"]}]},{\"@type\":\"ImageObject\",\"inLanguage\":\"et\",\"@id\":\"https:\\\/\\\/kodupaneel.ee\\\/?page_id=54#primaryimage\",\"url\":\"https:\\\/\\\/kodupaneel.ee\\\/wp-content\\\/uploads\\\/2022\\\/08\\\/275957879_4915415738556073_5285647536124846141_n-2.jpg\",\"contentUrl\":\"https:\\\/\\\/kodupaneel.ee\\\/wp-content\\\/uploads\\\/2022\\\/08\\\/275957879_4915415738556073_5285647536124846141_n-2.jpg\",\"width\":528,\"height\":269},{\"@type\":\"BreadcrumbList\",\"@id\":\"https:\\\/\\\/kodupaneel.ee\\\/?page_id=54#breadcrumb\",\"itemListElement\":[{\"@type\":\"ListItem\",\"position\":1,\"name\":\"Home\",\"item\":\"https:\\\/\\\/kodupaneel.ee\\\/\"},{\"@type\":\"ListItem\",\"position\":2,\"name\":\"Tooted\"}]},{\"@type\":\"WebSite\",\"@id\":\"https:\\\/\\\/kodupaneel.ee\\\/#website\",\"url\":\"https:\\\/\\\/kodupaneel.ee\\\/\",\"name\":\"Kodupaneel.ee\",\"description\":\"SIP paneelide tootja\",\"potentialAction\":[{\"@type\":\"SearchAction\",\"target\":{\"@type\":\"EntryPoint\",\"urlTemplate\":\"https:\\\/\\\/kodupaneel.ee\\\/?s={search_term_string}\"},\"query-input\":{\"@type\":\"PropertyValueSpecification\",\"valueRequired\":true,\"valueName\":\"search_term_string\"}}],\"inLanguage\":\"et\"}]}<\/script>\n<!-- \/ Yoast SEO plugin. -->","yoast_head_json":{"title":"Tooted - Kodupaneel.ee","robots":{"index":"index","follow":"follow","max-snippet":"max-snippet:-1","max-image-preview":"max-image-preview:large","max-video-preview":"max-video-preview:-1"},"canonical":"https:\/\/kodupaneel.ee\/?page_id=54","og_locale":"et_EE","og_type":"article","og_title":"Tooted - Kodupaneel.ee","og_description":"Paneeli m\u00f5\u00f5dud 2800x1250x270&nbsp;&nbsp;hetkel laos olemas 2500x1250x120&nbsp;&nbsp; hetkel laos olemas Paneelid l\u00f5igatakse tehases m\u00f5\u00f5tu olenevalt projektist. Paneel paksus ei ole piiratud. Paneelid \u00fchendatakse mini SIP-paneelidega. Valmistame ka&nbsp; I -profiile","og_url":"https:\/\/kodupaneel.ee\/?page_id=54","og_site_name":"Kodupaneel.ee","article_modified_time":"2022-08-10T17:42:46+00:00","og_image":[{"url":"https:\/\/kodupaneel.ee\/wp-content\/uploads\/2022\/08\/275957879_4915415738556073_5285647536124846141_n-2.jpg","type":"","width":"","height":""}],"twitter_card":"summary_large_image","schema":{"@context":"https:\/\/schema.org","@graph":[{"@type":"WebPage","@id":"https:\/\/kodupaneel.ee\/?page_id=54","url":"https:\/\/kodupaneel.ee\/?page_id=54","name":"Tooted - Kodupaneel.ee","isPartOf":{"@id":"https:\/\/kodupaneel.ee\/#website"},"primaryImageOfPage":{"@id":"https:\/\/kodupaneel.ee\/?page_id=54#primaryimage"},"image":{"@id":"https:\/\/kodupaneel.ee\/?page_id=54#primaryimage"},"thumbnailUrl":"https:\/\/kodupaneel.ee\/wp-content\/uploads\/2022\/08\/275957879_4915415738556073_5285647536124846141_n-2.jpg","datePublished":"2022-08-08T12:15:38+00:00","dateModified":"2022-08-10T17:42:46+00:00","breadcrumb":{"@id":"https:\/\/kodupaneel.ee\/?page_id=54#breadcrumb"},"inLanguage":"et","potentialAction":[{"@type":"ReadAction","target":["https:\/\/kodupaneel.ee\/?page_id=54"]}]},{"@type":"ImageObject","inLanguage":"et","@id":"https:\/\/kodupaneel.ee\/?page_id=54#primaryimage","url":"https:\/\/kodupaneel.ee\/wp-content\/uploads\/2022\/08\/275957879_4915415738556073_5285647536124846141_n-2.jpg","contentUrl":"https:\/\/kodupaneel.ee\/wp-content\/uploads\/2022\/08\/275957879_4915415738556073_5285647536124846141_n-2.jpg","width":528,"height":269},{"@type":"BreadcrumbList","@id":"https:\/\/kodupaneel.ee\/?page_id=54#breadcrumb","itemListElement":[{"@type":"ListItem","position":1,"name":"Home","item":"https:\/\/kodupaneel.ee\/"},{"@type":"ListItem","position":2,"name":"Tooted"}]},{"@type":"WebSite","@id":"https:\/\/kodupaneel.ee\/#website","url":"https:\/\/kodupaneel.ee\/","name":"Kodupaneel.ee","description":"SIP paneelide tootja","potentialAction":[{"@type":"SearchAction","target":{"@type":"EntryPoint","urlTemplate":"https:\/\/kodupaneel.ee\/?s={search_term_string}"},"query-input":{"@type":"PropertyValueSpecification","valueRequired":true,"valueName":"search_term_string"}}],"inLanguage":"et"}]}},"_links":{"self":[{"href":"https:\/\/kodupaneel.ee\/index.php?rest_route=\/wp\/v2\/pages\/54","targetHints":{"allow":["GET"]}}],"collection":[{"href":"https:\/\/kodupaneel.ee\/index.php?rest_route=\/wp\/v2\/pages"}],"about":[{"href":"https:\/\/kodupaneel.ee\/index.php?rest_route=\/wp\/v2\/types\/page"}],"author":[{"embeddable":true,"href":"https:\/\/kodupaneel.ee\/index.php?rest_route=\/wp\/v2\/users\/1"}],"replies":[{"embeddable":true,"href":"https:\/\/kodupaneel.ee\/index.php?rest_route=%2Fwp%2Fv2%2Fcomments&post=54"}],"version-history":[{"count":6,"href":"https:\/\/kodupaneel.ee\/index.php?rest_route=\/wp\/v2\/pages\/54\/revisions"}],"predecessor-version":[{"id":90,"href":"https:\/\/kodupaneel.ee\/index.php?rest_route=\/wp\/v2\/pages\/54\/revisions\/90"}],"wp:attachment":[{"href":"https:\/\/kodupaneel.ee\/index.php?rest_route=%2Fwp%2Fv2%2Fmedia&parent=54"}],"curies":[{"name":"wp","href":"https:\/\/api.w.org\/{rel}","templated":true}]}}